{"id":837,"date":"2017-02-01T18:39:57","date_gmt":"2017-02-01T17:39:57","guid":{"rendered":"http:\/\/campinghautoreille.com\/?page_id=837"},"modified":"2017-02-01T18:39:57","modified_gmt":"2017-02-01T17:39:57","slug":"acces-contact-dupli","status":"publish","type":"page","link":"https:\/\/campinghautoreille.com\/index.php\/nl\/acces-contact-dupli\/","title":{"rendered":"Contact"},"content":{"rendered":"<p>&nbsp;<\/p>\n<table class=\" aligncenter\" style=\"width: 798px;\">\n<tbody>\n<tr>\n<td style=\"width: 410px; text-align: center; background-color: #a3c53a;\" colspan=\"2\"><strong>\u00a0<\/strong><strong><span style=\"color: #ffffff;\">Plus de d\u00e9tails ou r\u00e9aliser votre itin\u00e9raire\u00a0<\/span><span style=\"color: #ffffff;\"><a style=\"color: #ffffff;\" href=\"https:\/\/www.google.fr\/maps\/dir\/\/Camping+Hautoreille,+6+Rue+du+Boutonnier,+52360+Bannes\/@47.9081664,5.2966045,11.3z\/data=!4m15!1m6!3m5!1s0x47ed265e05ec936f:0x8d3068b79ec3ec0c!2sCamping+Hautoreille!8m2!3d47.8967675!4d5.3928126!4m7!1m0!1m5!1m1!1s0x47ed265e05ec936f:0x8d3068b79ec3ec0c!2m2!1d5.3928126!2d47.8967675\" target=\"_blank\"><span style=\"text-decoration: underline;\">Cliquer ici<\/span><br \/>\n<\/a><\/span><\/strong><strong><span style=\"color: #ffffff;\">Pour nous contacter renseigner le formulaire de contact <span style=\"text-decoration: underline;\"><a style=\"color: #ffffff; text-decoration: underline;\" href=\"#contact\">ci-dessous<\/a><\/span><\/span><\/strong><\/td>\n<\/tr>\n<tr style=\"height: 443px;\">\n<td style=\"width: 410px; height: 443px;\"><img loading=\"lazy\" decoding=\"async\" class=\"alignnone wp-image-297 size-full\" src=\"https:\/\/campinghautoreille.com\/wp-content\/uploads\/2016\/10\/carte-france.jpg\" alt=\"Camping Hautoreille Bannes\" width=\"405\" height=\"402\" srcset=\"https:\/\/campinghautoreille.com\/wp-content\/uploads\/2016\/10\/carte-france.jpg 405w, https:\/\/campinghautoreille.com\/wp-content\/uploads\/2016\/10\/carte-france-150x150.jpg 150w, https:\/\/campinghautoreille.com\/wp-content\/uploads\/2016\/10\/carte-france-300x298.jpg 300w\" sizes=\"auto, (max-width: 405px) 100vw, 405px\" \/><\/td>\n<td style=\"height: 443px; vertical-align: top;\">\n<p class=\"txtnor\"><span style=\"color: #b3154f;\"><b><u>Adresse camping<\/u><\/b>\u00a0:<\/span><br \/>\nCamping HAUTOREILLE<br \/>\n6\u00a0rue du Boutonnier<br \/>\nF-52360 BANNES<br \/>\nE-mail : contact@campinghautoreille.com<\/p>\n<p class=\"txtnor\"><span style=\"color: #b3154f;\"><b><u>GPS<\/u><\/b>\u00a0:<\/span><br \/>\nN\u00a047\u00b053&rsquo;43\u00a0\u00bb \u2013 E\u00a05\u00b023&rsquo;40\u00a0\u00bb<br \/>\n(N47.89535 \u2013 E5.39451)<\/p>\n<ul>\n<li class=\"txtnor\"><span style=\"color: #b3154f;\"><strong>Depuis NANCY<\/strong>\u00a0<\/span>: A31 exit n\u00b08 after MONTIGNY-LE-ROI D74, direction LANGRES.<\/li>\n<li class=\"txtnor\"><span style=\"color: #b3154f;\"><b>Depuis LYON<\/b><\/span>\u00a0: A31 exit n\u00b06 LANGRES-SUD after N19 direction LANGRES and D74 direction NANCY.<\/li>\n<li class=\"txtnor\"><span style=\"color: #b3154f;\"><b>Depuis PARIS<\/b><\/span>\u00a0: A5 &#8211; A31 exit n\u00b07 LANGRES-NORD N19 after direction LANGRES and D74 direction NANCY.<\/li>\n<\/ul>\n<\/td>\n<\/tr>\n<tr style=\"height: 24px;\">\n<td style=\"width: 300px; height: 24px; text-align: center; background-color: #b3154f;\" colspan=\"2\"><span style=\"color: #ffffff;\"><a id=\"contact\"><\/a><strong>Contacter Nous par mail <\/strong><\/span><\/td>\n<\/tr>\n<tr style=\"height: 24px;\">\n<td style=\"width: 300px; text-align: left;\" colspan=\"2\"><span style=\"color: #000000;\">\n<div class=\"wpcf7 no-js\" id=\"wpcf7-f316-o1\" lang=\"fr-FR\" dir=\"ltr\" data-wpcf7-id=\"316\">\n<div class=\"screen-reader-response\"><p role=\"status\" aria-live=\"polite\" aria-atomic=\"true\"><\/p> <ul><\/ul><\/div>\n<form action=\"\/index.php\/wp-json\/wp\/v2\/pages\/837#wpcf7-f316-o1\" method=\"post\" class=\"wpcf7-form init\" aria-label=\"Formulaire de contact\" novalidate=\"novalidate\" data-status=\"init\">\n<fieldset class=\"hidden-fields-container\"><input type=\"hidden\" name=\"_wpcf7\" value=\"316\" \/><input type=\"hidden\" name=\"_wpcf7_version\" value=\"6.1.5\" \/><input type=\"hidden\" name=\"_wpcf7_locale\" value=\"fr_FR\" \/><input type=\"hidden\" name=\"_wpcf7_unit_tag\" value=\"wpcf7-f316-o1\" \/><input type=\"hidden\" name=\"_wpcf7_container_post\" value=\"0\" \/><input type=\"hidden\" name=\"_wpcf7_posted_data_hash\" value=\"\" \/><input type=\"hidden\" name=\"_wpcf7_recaptcha_response\" value=\"\" \/>\n<\/fieldset>\n<table width=\"100%\" border=\"0\" cellspacing=\"0\" cellpadding=\"0\">\n\t<tr>\n\t\t<td style=\"border-color: #ffffff;\">\n\t\t\t<p>Uw voor- en achternaam (verplicht) :\n\t\t\t<\/p>\n\t\t<\/td>\n\t\t<td style=\"border-color: #ffffff;\">\n\t\t\t<p><span class=\"wpcf7-form-control-wrap\" data-name=\"your-name\"><input size=\"40\" maxlength=\"400\" class=\"wpcf7-form-control wpcf7-text wpcf7-validates-as-required\" aria-required=\"true\" aria-invalid=\"false\" value=\"\" type=\"text\" name=\"your-name\" \/><\/span>\n\t\t\t<\/p>\n\t\t<\/td>\n\t<\/tr>\n\t<tr>\n\t\t<td style=\"border-color: #ffffff;\">\n\t\t\t<p>Uw e-mail (verplicht) :\n\t\t\t<\/p>\n\t\t<\/td>\n\t\t<td style=\"border-color: #ffffff;\">\n\t\t\t<p><span class=\"wpcf7-form-control-wrap\" data-name=\"your-email\"><input size=\"40\" maxlength=\"400\" class=\"wpcf7-form-control wpcf7-email wpcf7-validates-as-required wpcf7-text wpcf7-validates-as-email\" aria-required=\"true\" aria-invalid=\"false\" value=\"\" type=\"email\" name=\"your-email\" \/><\/span>\n\t\t\t<\/p>\n\t\t<\/td>\n\t<\/tr>\n\t<tr>\n\t\t<td style=\"border-color: #ffffff;\">\n\t\t\t<p>Onderwerp (Verplicht) :\n\t\t\t<\/p>\n\t\t<\/td>\n\t\t<td style=\"border-color: #ffffff;\">\n\t\t\t<p><span class=\"wpcf7-form-control-wrap\" data-name=\"your-subject\"><input size=\"40\" maxlength=\"400\" class=\"wpcf7-form-control wpcf7-text wpcf7-validates-as-required\" aria-required=\"true\" aria-invalid=\"false\" value=\"\" type=\"text\" name=\"your-subject\" \/><\/span>\n\t\t\t<\/p>\n\t\t<\/td>\n\t<\/tr>\n\t<tr>\n\t\t<td style=\"border-color: #ffffff;\" colspan=\"2\">\n\t\t\t<div align=\"center\">\n\t\t\t\t<p>uw bericht<br \/>\n<span class=\"wpcf7-form-control-wrap\" data-name=\"your-message\"><textarea cols=\"80\" rows=\"20\" maxlength=\"2000\" class=\"wpcf7-form-control wpcf7-textarea\" aria-invalid=\"false\" name=\"your-message\"><\/textarea><\/span>\n\t\t\t\t<\/p>\n\t\t\t<\/div>\n\t\t<\/td>\n\t<\/tr>\n\t<TR>\n\t\t<td style=\"border-color: #ffffff;\" colspan=\"2\">\n\t\t\t<div align=\"center\">\n\t\t\t\n\t\t\t<\/div>\n\t\t<\/td>\n\t<\/tr>\n\t<tr>\n\t\t<td style=\"border-color: #ffffff;\" colspan=\"2\">\n\t\t\t<div align=\"center\">\n\t\t\t\t<p><input class=\"wpcf7-form-control wpcf7-submit has-spinner\" type=\"submit\" value=\"sturen\" \/>\n\t\t\t\t<\/p>\n\t\t\t<\/div>\n\t\t<\/td>\n\t<\/tr>\n<\/table><p style=\"display: none !important;\" class=\"akismet-fields-container\" data-prefix=\"_wpcf7_ak_\"><label>&#916;<textarea name=\"_wpcf7_ak_hp_textarea\" cols=\"45\" rows=\"8\" maxlength=\"100\"><\/textarea><\/label><input type=\"hidden\" id=\"ak_js_1\" name=\"_wpcf7_ak_js\" value=\"179\"\/><script>document.getElementById( \"ak_js_1\" ).setAttribute( \"value\", ( new Date() ).getTime() );<\/script><\/p><div class=\"wpcf7-response-output\" aria-hidden=\"true\"><\/div>\n<\/form>\n<\/div>\n<\/span><\/td>\n<\/tr>\n<\/tbody>\n<\/table>\n<p><span style=\"color: #000000;\">\u00a0<\/span><\/p>\n","protected":false},"excerpt":{"rendered":"<p>&nbsp; \u00a0Plus de d\u00e9tails ou r\u00e9aliser votre itin\u00e9raire\u00a0Cliquer ici Pour nous contacter renseigner le formulaire de contact ci-dessous Adresse camping\u00a0: Camping HAUTOREILLE 6\u00a0rue du Boutonnier F-52360 BANNES E-mail : contact@campinghautoreille.com GPS\u00a0: N\u00a047\u00b053&rsquo;43\u00a0\u00bb \u2013 E\u00a05\u00b023&rsquo;40\u00a0\u00bb (N47.89535 \u2013 E5.39451) Depuis NANCY\u00a0: A31 exit n\u00b08 after MONTIGNY-LE-ROI D74, direction LANGRES. Depuis LYON\u00a0: A31 exit n\u00b06 LANGRES-SUD after N19 [&hellip;]<\/p>\n","protected":false},"author":1,"featured_media":0,"parent":0,"menu_order":0,"comment_status":"closed","ping_status":"open","template":"","meta":{"footnotes":""},"class_list":["post-837","page","type-page","status-publish","hentry"],"_links":{"self":[{"href":"https:\/\/campinghautoreille.com\/index.php\/wp-json\/wp\/v2\/pages\/837","targetHints":{"allow":["GET"]}}],"collection":[{"href":"https:\/\/campinghautoreille.com\/index.php\/wp-json\/wp\/v2\/pages"}],"about":[{"href":"https:\/\/campinghautoreille.com\/index.php\/wp-json\/wp\/v2\/types\/page"}],"author":[{"embeddable":true,"href":"https:\/\/campinghautoreille.com\/index.php\/wp-json\/wp\/v2\/users\/1"}],"replies":[{"embeddable":true,"href":"https:\/\/campinghautoreille.com\/index.php\/wp-json\/wp\/v2\/comments?post=837"}],"version-history":[{"count":1,"href":"https:\/\/campinghautoreille.com\/index.php\/wp-json\/wp\/v2\/pages\/837\/revisions"}],"predecessor-version":[{"id":838,"href":"https:\/\/campinghautoreille.com\/index.php\/wp-json\/wp\/v2\/pages\/837\/revisions\/838"}],"wp:attachment":[{"href":"https:\/\/campinghautoreille.com\/index.php\/wp-json\/wp\/v2\/media?parent=837"}],"curies":[{"name":"wp","href":"https:\/\/api.w.org\/{rel}","templated":true}]}}