{"id":823,"date":"2017-02-01T18:11:30","date_gmt":"2017-02-01T17:11:30","guid":{"rendered":"http:\/\/campinghautoreille.com\/?page_id=823"},"modified":"2017-02-01T18:11:30","modified_gmt":"2017-02-01T17:11:30","slug":"services-et-activites-dupli-2","status":"publish","type":"page","link":"https:\/\/campinghautoreille.com\/index.php\/de\/services-et-activites-dupli-2\/","title":{"rendered":"Versorgung und Sonstiges"},"content":{"rendered":"<table class=\" aligncenter\" style=\"width: 90%;\" cellspacing=\"1\" cellpadding=\"2\">\n<tbody>\n<tr>\n<td style=\"text-align: justify; background-color: #a3c53a; vertical-align: middle;\"><span style=\"color: #000000;\">Sollten Sie etwas vergessen haben, dann kann unser kleiner Laden Ihnen vielleicht helfen. Sie finden hier einige lokale Produkte wie home-made Konfit\u00fcre, Honig und Bier<\/span><\/td>\n<td><img loading=\"lazy\" decoding=\"async\" class=\"alignnone wp-image-590\" style=\"border: 1px solid #000000;\" src=\"https:\/\/campinghautoreille.com\/wp-content\/uploads\/2016\/10\/epicerie.jpg\" width=\"233\" height=\"239\" \/><\/td>\n<td style=\"background-color: #b3154f; text-align: center; vertical-align: middle;\"><span style=\"color: #ffffff;\">Ab M\u00e4rz bis November k\u00f6nnen Sie bei uns Brot bestellen f\u00fcr den n\u00e4chsten Tag.<\/span><\/td>\n<td><img loading=\"lazy\" decoding=\"async\" class=\"alignnone wp-image-591\" style=\"border: 1px solid #000000;\" src=\"https:\/\/campinghautoreille.com\/wp-content\/uploads\/2016\/10\/pain.jpg\" width=\"233\" height=\"237\" \/><\/td>\n<\/tr>\n<tr>\n<td style=\"vertical-align: top; text-align: justify;\"><strong><img loading=\"lazy\" decoding=\"async\" class=\"alignnone wp-image-594\" style=\"border: 1px solid #000000;\" src=\"https:\/\/campinghautoreille.com\/wp-content\/uploads\/2016\/10\/velo.jpg\" width=\"264\" height=\"179\" \/><\/strong><\/td>\n<td style=\"background-color: #b3154f; text-align: center; vertical-align: middle;\"><strong><span style=\"color: #ffffff;\">Fahrradverleih<\/span><\/strong><\/td>\n<td style=\"vertical-align: top;\"><strong><img loading=\"lazy\" decoding=\"async\" class=\"alignnone wp-image-593\" style=\"border: 1px solid #000000;\" src=\"https:\/\/campinghautoreille.com\/wp-content\/uploads\/2016\/10\/ping.jpg\" width=\"266\" height=\"180\" \/><\/strong><\/td>\n<td style=\"background-color: #a3c53a; text-align: center; vertical-align: middle;\">WiFi (frei)<br \/>\nSpielwiese f\u00fcr Kinder<br \/>\nTischtennisplatte<br \/>\n<span style=\"color: #000000;\">P\u00e9tanqueplatz<\/span><\/td>\n<\/tr>\n<\/tbody>\n<\/table>\n<p>&nbsp;<\/p>\n<p>&nbsp;<\/p>\n<p>&nbsp;<\/p>\n","protected":false},"excerpt":{"rendered":"<p>Sollten Sie etwas vergessen haben, dann kann unser kleiner Laden Ihnen vielleicht helfen. Sie finden hier einige lokale Produkte wie home-made Konfit\u00fcre, Honig und Bier Ab M\u00e4rz bis November k\u00f6nnen Sie bei uns Brot bestellen f\u00fcr den n\u00e4chsten Tag. Fahrradverleih WiFi (frei) Spielwiese f\u00fcr Kinder Tischtennisplatte P\u00e9tanqueplatz &nbsp; &nbsp; &nbsp;<\/p>\n","protected":false},"author":1,"featured_media":0,"parent":0,"menu_order":0,"comment_status":"closed","ping_status":"open","template":"","meta":{"footnotes":""},"class_list":["post-823","page","type-page","status-publish","hentry"],"_links":{"self":[{"href":"https:\/\/campinghautoreille.com\/index.php\/wp-json\/wp\/v2\/pages\/823","targetHints":{"allow":["GET"]}}],"collection":[{"href":"https:\/\/campinghautoreille.com\/index.php\/wp-json\/wp\/v2\/pages"}],"about":[{"href":"https:\/\/campinghautoreille.com\/index.php\/wp-json\/wp\/v2\/types\/page"}],"author":[{"embeddable":true,"href":"https:\/\/campinghautoreille.com\/index.php\/wp-json\/wp\/v2\/users\/1"}],"replies":[{"embeddable":true,"href":"https:\/\/campinghautoreille.com\/index.php\/wp-json\/wp\/v2\/comments?post=823"}],"version-history":[{"count":2,"href":"https:\/\/campinghautoreille.com\/index.php\/wp-json\/wp\/v2\/pages\/823\/revisions"}],"predecessor-version":[{"id":873,"href":"https:\/\/campinghautoreille.com\/index.php\/wp-json\/wp\/v2\/pages\/823\/revisions\/873"}],"wp:attachment":[{"href":"https:\/\/campinghautoreille.com\/index.php\/wp-json\/wp\/v2\/media?parent=823"}],"curies":[{"name":"wp","href":"https:\/\/api.w.org\/{rel}","templated":true}]}}