{"id":820,"date":"2017-02-01T18:04:53","date_gmt":"2017-02-01T17:04:53","guid":{"rendered":"http:\/\/campinghautoreille.com\/?page_id=820"},"modified":"2025-02-03T13:19:40","modified_gmt":"2025-02-03T12:19:40","slug":"restaurant-dupli-3","status":"publish","type":"page","link":"https:\/\/campinghautoreille.com\/index.php\/de\/restaurant-dupli-3\/","title":{"rendered":"Restaurant"},"content":{"rendered":"<table class=\" aligncenter\" style=\"width: 90%;\">\n<tbody>\n<tr>\n<td style=\"border-color: #ffffff; text-align: center; vertical-align: middle;\"><img loading=\"lazy\" decoding=\"async\" class=\"alignnone wp-image-291 size-medium\" style=\"border: 1px solid #000000;\" src=\"https:\/\/campinghautoreille.com\/wp-content\/uploads\/2016\/01\/P1180791-300x225.jpg\" width=\"300\" height=\"225\" srcset=\"https:\/\/campinghautoreille.com\/wp-content\/uploads\/2016\/01\/P1180791-300x225.jpg 300w, https:\/\/campinghautoreille.com\/wp-content\/uploads\/2016\/01\/P1180791-768x576.jpg 768w, https:\/\/campinghautoreille.com\/wp-content\/uploads\/2016\/01\/P1180791-1024x768.jpg 1024w, https:\/\/campinghautoreille.com\/wp-content\/uploads\/2016\/01\/P1180791-135x100.jpg 135w\" sizes=\"auto, (max-width: 300px) 100vw, 300px\" \/><\/td>\n<td style=\"border-color: #ffffff; vertical-align: top;\"><strong>Restaurant :<\/strong><\/p>\n<ul>\n<li>In unserem l\u00e4ndlichen \u2018Petit Restaurant\u2019 k\u00f6nnen Sie unsere<\/li>\n<li>Grillgerichte kosten, mit Rohkost. Versuchen Sie auch mal<\/li>\n<li>unsere lokale Gerichte wie boeuf bourguignon, K\u00e4se aus Langres und unsere Pastete.<\/li>\n<li>Das Restaurant ist im April -septembrer.<\/li>\n<li>Reservieren nicht n\u00f6tig, Bedienung von 17.00 bis 19.30 Uhr.<\/li>\n<\/ul>\n<\/td>\n<\/tr>\n<\/tbody>\n<\/table>\n<table class=\" aligncenter\" style=\"width: 90%;\">\n<tbody>\n<tr>\n<td style=\"border-color: #ffffff; vertical-align: top;\">\n<ul>\n<li>\n<pre id=\"tw-target-text\" class=\"tw-data-text tw-text-large tw-ta\" dir=\"ltr\" data-placeholder=\"Traduction\" data-ved=\"2ahUKEwj9xuuvvqeLAxUpUqQEHb3yIrIQ3ewLegQIBxAU\" aria-label=\"Texte traduit\u00a0: Wir bieten einen Fr\u00fchst\u00fccksservice f\u00fcr 12 \u20ac an\"><span class=\"Y2IQFc\" lang=\"de\">Wir bieten einen Fr\u00fchst\u00fccksservice f\u00fcr 12 \u20ac <\/span><\/pre>\n<\/li>\n<\/ul>\n<\/td>\n<td style=\"border-color: #ffffff; text-align: center; vertical-align: middle;\"><img loading=\"lazy\" decoding=\"async\" class=\"alignnone wp-image-432 size-medium\" style=\"border: 1px solid #000000;\" src=\"https:\/\/campinghautoreille.com\/wp-content\/uploads\/2016\/01\/P1190163-300x225.jpg\" width=\"300\" height=\"225\" srcset=\"https:\/\/campinghautoreille.com\/wp-content\/uploads\/2016\/01\/P1190163-300x225.jpg 300w, https:\/\/campinghautoreille.com\/wp-content\/uploads\/2016\/01\/P1190163-768x576.jpg 768w, https:\/\/campinghautoreille.com\/wp-content\/uploads\/2016\/01\/P1190163-1024x768.jpg 1024w, https:\/\/campinghautoreille.com\/wp-content\/uploads\/2016\/01\/P1190163-135x100.jpg 135w\" sizes=\"auto, (max-width: 300px) 100vw, 300px\" \/><\/td>\n<\/tr>\n<\/tbody>\n<\/table>\n<table class=\" aligncenter\" style=\"border-color: #666666; width: 90%; background-color: #666666;\">\n<tbody>\n<tr>\n<td style=\"border-color: #666666; width: 33%; text-align: center;\"><img loading=\"lazy\" decoding=\"async\" class=\"alignnone wp-image-403 size-medium\" style=\"border: 2px solid #ffffff;\" src=\"https:\/\/campinghautoreille.com\/wp-content\/uploads\/2016\/01\/20160502_172422-300x169.jpg\" width=\"300\" height=\"169\" srcset=\"https:\/\/campinghautoreille.com\/wp-content\/uploads\/2016\/01\/20160502_172422-300x169.jpg 300w, https:\/\/campinghautoreille.com\/wp-content\/uploads\/2016\/01\/20160502_172422-768x432.jpg 768w, https:\/\/campinghautoreille.com\/wp-content\/uploads\/2016\/01\/20160502_172422-1024x576.jpg 1024w\" sizes=\"auto, (max-width: 300px) 100vw, 300px\" \/><\/td>\n<td style=\"border-color: #666666; width: 33.02%; text-align: center;\"><img loading=\"lazy\" decoding=\"async\" class=\"alignnone wp-image-431 size-medium\" style=\"border: 2px solid #ffffff;\" src=\"https:\/\/campinghautoreille.com\/wp-content\/uploads\/2016\/01\/P1190636-300x169.jpg\" width=\"300\" height=\"169\" srcset=\"https:\/\/campinghautoreille.com\/wp-content\/uploads\/2016\/01\/P1190636-300x169.jpg 300w, https:\/\/campinghautoreille.com\/wp-content\/uploads\/2016\/01\/P1190636-768x432.jpg 768w, https:\/\/campinghautoreille.com\/wp-content\/uploads\/2016\/01\/P1190636-1024x575.jpg 1024w\" sizes=\"auto, (max-width: 300px) 100vw, 300px\" \/><\/td>\n<td style=\"border-color: #666666; width: 33%; text-align: center;\"><img loading=\"lazy\" decoding=\"async\" class=\"alignnone wp-image-445 size-medium\" style=\"border: 2px solid #ffffff;\" src=\"https:\/\/campinghautoreille.com\/wp-content\/uploads\/2016\/01\/P1190632-300x169.jpg\" width=\"300\" height=\"169\" srcset=\"https:\/\/campinghautoreille.com\/wp-content\/uploads\/2016\/01\/P1190632-300x169.jpg 300w, https:\/\/campinghautoreille.com\/wp-content\/uploads\/2016\/01\/P1190632-768x432.jpg 768w, https:\/\/campinghautoreille.com\/wp-content\/uploads\/2016\/01\/P1190632-1024x575.jpg 1024w\" sizes=\"auto, (max-width: 300px) 100vw, 300px\" \/><\/td>\n<\/tr>\n<\/tbody>\n<\/table>\n","protected":false},"excerpt":{"rendered":"<p>Restaurant : In unserem l\u00e4ndlichen \u2018Petit Restaurant\u2019 k\u00f6nnen Sie unsere Grillgerichte kosten, mit Rohkost. Versuchen Sie auch mal unsere lokale Gerichte wie boeuf bourguignon, K\u00e4se aus Langres und unsere Pastete. Das Restaurant ist im April -septembrer. Reservieren nicht n\u00f6tig, Bedienung von 17.00 bis 19.30 Uhr. Wir bieten einen Fr\u00fchst\u00fccksservice f\u00fcr 12 \u20ac<\/p>\n","protected":false},"author":1,"featured_media":0,"parent":0,"menu_order":0,"comment_status":"closed","ping_status":"open","template":"","meta":{"footnotes":""},"class_list":["post-820","page","type-page","status-publish","hentry"],"_links":{"self":[{"href":"https:\/\/campinghautoreille.com\/index.php\/wp-json\/wp\/v2\/pages\/820","targetHints":{"allow":["GET"]}}],"collection":[{"href":"https:\/\/campinghautoreille.com\/index.php\/wp-json\/wp\/v2\/pages"}],"about":[{"href":"https:\/\/campinghautoreille.com\/index.php\/wp-json\/wp\/v2\/types\/page"}],"author":[{"embeddable":true,"href":"https:\/\/campinghautoreille.com\/index.php\/wp-json\/wp\/v2\/users\/1"}],"replies":[{"embeddable":true,"href":"https:\/\/campinghautoreille.com\/index.php\/wp-json\/wp\/v2\/comments?post=820"}],"version-history":[{"count":3,"href":"https:\/\/campinghautoreille.com\/index.php\/wp-json\/wp\/v2\/pages\/820\/revisions"}],"predecessor-version":[{"id":1002,"href":"https:\/\/campinghautoreille.com\/index.php\/wp-json\/wp\/v2\/pages\/820\/revisions\/1002"}],"wp:attachment":[{"href":"https:\/\/campinghautoreille.com\/index.php\/wp-json\/wp\/v2\/media?parent=820"}],"curies":[{"name":"wp","href":"https:\/\/api.w.org\/{rel}","templated":true}]}}