{"id":44,"date":"2016-01-11T16:11:37","date_gmt":"2016-01-11T15:11:37","guid":{"rendered":"http:\/\/campinghautoreille.com\/wordpress\/?page_id=44"},"modified":"2016-12-02T13:24:53","modified_gmt":"2016-12-02T12:24:53","slug":"region","status":"publish","type":"page","link":"https:\/\/campinghautoreille.com\/index.php\/fr\/region\/","title":{"rendered":"R\u00e9gion"},"content":{"rendered":"<table class=\" aligncenter\" style=\"width: 90.0079%;\" border=\"0\" cellspacing=\"3\" cellpadding=\"3\">\n<tbody>\n<tr>\n<td style=\"text-align: justify; width: 62.6443%; background-color: #b3154f; border-color: #ffffff; vertical-align: top;\" colspan=\"2\"><\/td>\n<\/tr>\n<tr>\n<td style=\"text-align: justify; width: 62.6443%; border-color: #ffffff; vertical-align: top;\">\n<ul>\n<li>Bienvenue au Pays de Langres, au c\u0153ur de la campagne Fran\u00e7aise. Class\u00e9e parmi l&rsquo;une des plus belle ville de France, Langres se pr\u00e9sente telle une forteresse camp\u00e9e aux portes de la Champagne et de la Bourgogne.<\/li>\n<li>En parcourant les 3,5km de son chemin de ronde rest\u00e9 \u00e9pargn\u00e9 au cours des si\u00e8cles, la ville surplombe un vaste panorama. Suivez le d\u00e9dale de ruelles et laisser vous cont\u00e9 l&rsquo;histoire de la cit\u00e9.<\/li>\n<\/ul>\n<p>&nbsp;<\/p>\n<p style=\"text-align: center;\">Pour Organiser vos visites, cliquez ici <a href=\"http:\/\/www.tourisme-langres.com\/\" target=\"_blank\">http:\/\/www.tourisme-langres.com,<\/a><\/p>\n<p><strong><a href=\"https:\/\/campinghautoreille.com\/wp-content\/uploads\/2016\/01\/diderot-sylvain-riandet.jpg\"><img loading=\"lazy\" decoding=\"async\" class=\"aligncenter wp-image-438\" style=\"border: 1px solid #000000;\" src=\"https:\/\/campinghautoreille.com\/wp-content\/uploads\/2016\/01\/diderot-sylvain-riandet.jpg\" width=\"550\" height=\"279\" srcset=\"https:\/\/campinghautoreille.com\/wp-content\/uploads\/2016\/01\/diderot-sylvain-riandet.jpg 1280w, https:\/\/campinghautoreille.com\/wp-content\/uploads\/2016\/01\/diderot-sylvain-riandet-300x152.jpg 300w, https:\/\/campinghautoreille.com\/wp-content\/uploads\/2016\/01\/diderot-sylvain-riandet-768x390.jpg 768w, https:\/\/campinghautoreille.com\/wp-content\/uploads\/2016\/01\/diderot-sylvain-riandet-1024x520.jpg 1024w\" sizes=\"auto, (max-width: 550px) 100vw, 550px\" \/><\/a><\/strong><\/td>\n<td style=\"width: 34.6275%; border-color: #ffffff; text-align: center; vertical-align: top;\"><img loading=\"lazy\" decoding=\"async\" class=\"alignnone wp-image-462 size-medium\" style=\"border: 1px solid #000000;\" src=\"https:\/\/campinghautoreille.com\/wp-content\/uploads\/2016\/01\/Visite-petit-train-touristique-langres-00-Jean-Francois-Feutriez-300x201.jpg\" width=\"300\" height=\"201\" srcset=\"https:\/\/campinghautoreille.com\/wp-content\/uploads\/2016\/01\/Visite-petit-train-touristique-langres-00-Jean-Francois-Feutriez-300x201.jpg 300w, https:\/\/campinghautoreille.com\/wp-content\/uploads\/2016\/01\/Visite-petit-train-touristique-langres-00-Jean-Francois-Feutriez-768x515.jpg 768w, https:\/\/campinghautoreille.com\/wp-content\/uploads\/2016\/01\/Visite-petit-train-touristique-langres-00-Jean-Francois-Feutriez.jpg 800w\" sizes=\"auto, (max-width: 300px) 100vw, 300px\" \/><a href=\"https:\/\/campinghautoreille.com\/wp-content\/uploads\/2016\/01\/P1190961.jpg\"><img loading=\"lazy\" decoding=\"async\" class=\"alignnone wp-image-460 size-medium\" style=\"border: 1px solid #000000;\" src=\"https:\/\/campinghautoreille.com\/wp-content\/uploads\/2016\/01\/P1190961-300x169.jpg\" width=\"300\" height=\"169\" srcset=\"https:\/\/campinghautoreille.com\/wp-content\/uploads\/2016\/01\/P1190961-300x169.jpg 300w, https:\/\/campinghautoreille.com\/wp-content\/uploads\/2016\/01\/P1190961-768x432.jpg 768w, https:\/\/campinghautoreille.com\/wp-content\/uploads\/2016\/01\/P1190961-1024x575.jpg 1024w\" sizes=\"auto, (max-width: 300px) 100vw, 300px\" \/><\/a><img loading=\"lazy\" decoding=\"async\" class=\"alignnone wp-image-410 size-medium\" style=\"border: 1px solid #000000;\" src=\"https:\/\/campinghautoreille.com\/wp-content\/uploads\/2016\/01\/1447691709_Fromage-Langres-Jean-Francois-Feutriez_zoom-300x141.jpg\" width=\"300\" height=\"141\" srcset=\"https:\/\/campinghautoreille.com\/wp-content\/uploads\/2016\/01\/1447691709_Fromage-Langres-Jean-Francois-Feutriez_zoom-300x141.jpg 300w, https:\/\/campinghautoreille.com\/wp-content\/uploads\/2016\/01\/1447691709_Fromage-Langres-Jean-Francois-Feutriez_zoom-768x362.jpg 768w, https:\/\/campinghautoreille.com\/wp-content\/uploads\/2016\/01\/1447691709_Fromage-Langres-Jean-Francois-Feutriez_zoom-1024x483.jpg 1024w, https:\/\/campinghautoreille.com\/wp-content\/uploads\/2016\/01\/1447691709_Fromage-Langres-Jean-Francois-Feutriez_zoom.jpg 1920w\" sizes=\"auto, (max-width: 300px) 100vw, 300px\" \/><\/td>\n<\/tr>\n<tr>\n<td style=\"width: 62.6443%; background-color: #b3154f;\" colspan=\"2\"><\/td>\n<\/tr>\n<\/tbody>\n<\/table>\n<p>&nbsp;<\/p>\n","protected":false},"excerpt":{"rendered":"<p>Bienvenue au Pays de Langres, au c\u0153ur de la campagne Fran\u00e7aise. Class\u00e9e parmi l&rsquo;une des plus belle ville de France, Langres se pr\u00e9sente telle une forteresse camp\u00e9e aux portes de la Champagne et de la Bourgogne. En parcourant les 3,5km de son chemin de ronde rest\u00e9 \u00e9pargn\u00e9 au cours des si\u00e8cles, la ville surplombe un [&hellip;]<\/p>\n","protected":false},"author":1,"featured_media":0,"parent":0,"menu_order":0,"comment_status":"closed","ping_status":"open","template":"","meta":{"footnotes":""},"class_list":["post-44","page","type-page","status-publish","hentry"],"_links":{"self":[{"href":"https:\/\/campinghautoreille.com\/index.php\/wp-json\/wp\/v2\/pages\/44","targetHints":{"allow":["GET"]}}],"collection":[{"href":"https:\/\/campinghautoreille.com\/index.php\/wp-json\/wp\/v2\/pages"}],"about":[{"href":"https:\/\/campinghautoreille.com\/index.php\/wp-json\/wp\/v2\/types\/page"}],"author":[{"embeddable":true,"href":"https:\/\/campinghautoreille.com\/index.php\/wp-json\/wp\/v2\/users\/1"}],"replies":[{"embeddable":true,"href":"https:\/\/campinghautoreille.com\/index.php\/wp-json\/wp\/v2\/comments?post=44"}],"version-history":[{"count":26,"href":"https:\/\/campinghautoreille.com\/index.php\/wp-json\/wp\/v2\/pages\/44\/revisions"}],"predecessor-version":[{"id":751,"href":"https:\/\/campinghautoreille.com\/index.php\/wp-json\/wp\/v2\/pages\/44\/revisions\/751"}],"wp:attachment":[{"href":"https:\/\/campinghautoreille.com\/index.php\/wp-json\/wp\/v2\/media?parent=44"}],"curies":[{"name":"wp","href":"https:\/\/api.w.org\/{rel}","templated":true}]}}