{"id":40,"date":"2016-01-11T16:10:57","date_gmt":"2016-01-11T15:10:57","guid":{"rendered":"http:\/\/campinghautoreille.com\/wordpress\/?page_id=40"},"modified":"2017-02-01T18:11:52","modified_gmt":"2017-02-01T17:11:52","slug":"services-et-activites","status":"publish","type":"page","link":"https:\/\/campinghautoreille.com\/index.php\/fr\/services-et-activites\/","title":{"rendered":"Services et Activit\u00e9s"},"content":{"rendered":"<table class=\" aligncenter\" style=\"width: 90%;\" cellspacing=\"1\" cellpadding=\"2\">\n<tbody>\n<tr>\n<td style=\"text-align: justify; background-color: #a3c53a; vertical-align: middle;\"><span style=\"color: #000000;\"><strong>Un oubli,<\/strong> notre petite \u00e9picerie est l\u00e0 pour vous d\u00e9panner.<\/span><br \/>\n<span style=\"color: #000000;\"> Vous y trouverez aussi quelques produits du terroir. Vin de Coiffy, Fromage de Langres, Confiture maison, Miel et Bi\u00e8re artisanale.<\/span><\/td>\n<td><img loading=\"lazy\" decoding=\"async\" class=\"alignnone wp-image-590\" style=\"border: 1px solid #000000;\" src=\"https:\/\/campinghautoreille.com\/wp-content\/uploads\/2016\/10\/epicerie.jpg\" width=\"233\" height=\"239\" \/><\/td>\n<td style=\"background-color: #b3154f; text-align: center; vertical-align: middle;\"><span style=\"color: #ffffff;\"><strong>Pensez \u00e0<\/strong><\/span><\/p>\n<p><span style=\"color: #ffffff;\">commander votre pain, service proposer de Mars \u00e0 Novembre.<\/span><\/td>\n<td><img loading=\"lazy\" decoding=\"async\" class=\"alignnone wp-image-591\" style=\"border: 1px solid #000000;\" src=\"https:\/\/campinghautoreille.com\/wp-content\/uploads\/2016\/10\/pain.jpg\" width=\"233\" height=\"237\" \/><\/td>\n<\/tr>\n<tr>\n<td style=\"vertical-align: top; text-align: justify;\"><strong><img loading=\"lazy\" decoding=\"async\" class=\"alignnone wp-image-594\" style=\"border: 1px solid #000000;\" src=\"https:\/\/campinghautoreille.com\/wp-content\/uploads\/2016\/10\/velo.jpg\" width=\"264\" height=\"179\" \/><\/strong><\/td>\n<td style=\"background-color: #b3154f; text-align: center; vertical-align: middle;\"><strong><span style=\"color: #ffffff;\">Location de v\u00e9lo<\/span><\/strong><\/td>\n<td style=\"vertical-align: top;\"><strong><img loading=\"lazy\" decoding=\"async\" class=\"alignnone wp-image-593\" style=\"border: 1px solid #000000;\" src=\"https:\/\/campinghautoreille.com\/wp-content\/uploads\/2016\/10\/ping.jpg\" width=\"266\" height=\"180\" \/><\/strong><\/td>\n<td style=\"background-color: #a3c53a; text-align: center; vertical-align: middle;\"><span style=\"color: #000000;\">Zone Wifi gratuite<\/span><br \/>\n<span style=\"color: #000000;\"> Aire de jeux pour les enfants<\/span><br \/>\n<span style=\"color: #000000;\"> Table de ping pong<\/span><br \/>\n<span style=\"color: #000000;\"> Terrain de p\u00e9tanque<\/span><\/td>\n<\/tr>\n<\/tbody>\n<\/table>\n<p>&nbsp;<\/p>\n<p>&nbsp;<\/p>\n<p>&nbsp;<\/p>\n","protected":false},"excerpt":{"rendered":"<p>Un oubli, notre petite \u00e9picerie est l\u00e0 pour vous d\u00e9panner. Vous y trouverez aussi quelques produits du terroir. Vin de Coiffy, Fromage de Langres, Confiture maison, Miel et Bi\u00e8re artisanale. Pensez \u00e0 commander votre pain, service proposer de Mars \u00e0 Novembre. Location de v\u00e9lo Zone Wifi gratuite Aire de jeux pour les enfants Table de [&hellip;]<\/p>\n","protected":false},"author":1,"featured_media":0,"parent":0,"menu_order":0,"comment_status":"closed","ping_status":"open","template":"","meta":{"footnotes":""},"class_list":["post-40","page","type-page","status-publish","hentry"],"_links":{"self":[{"href":"https:\/\/campinghautoreille.com\/index.php\/wp-json\/wp\/v2\/pages\/40","targetHints":{"allow":["GET"]}}],"collection":[{"href":"https:\/\/campinghautoreille.com\/index.php\/wp-json\/wp\/v2\/pages"}],"about":[{"href":"https:\/\/campinghautoreille.com\/index.php\/wp-json\/wp\/v2\/types\/page"}],"author":[{"embeddable":true,"href":"https:\/\/campinghautoreille.com\/index.php\/wp-json\/wp\/v2\/users\/1"}],"replies":[{"embeddable":true,"href":"https:\/\/campinghautoreille.com\/index.php\/wp-json\/wp\/v2\/comments?post=40"}],"version-history":[{"count":34,"href":"https:\/\/campinghautoreille.com\/index.php\/wp-json\/wp\/v2\/pages\/40\/revisions"}],"predecessor-version":[{"id":729,"href":"https:\/\/campinghautoreille.com\/index.php\/wp-json\/wp\/v2\/pages\/40\/revisions\/729"}],"wp:attachment":[{"href":"https:\/\/campinghautoreille.com\/index.php\/wp-json\/wp\/v2\/media?parent=40"}],"curies":[{"name":"wp","href":"https:\/\/api.w.org\/{rel}","templated":true}]}}