{"id":36,"date":"2016-01-11T16:10:07","date_gmt":"2016-01-11T15:10:07","guid":{"rendered":"http:\/\/campinghautoreille.com\/wordpress\/?page_id=36"},"modified":"2025-02-03T13:15:20","modified_gmt":"2025-02-03T12:15:20","slug":"restaurant","status":"publish","type":"page","link":"https:\/\/campinghautoreille.com\/index.php\/fr\/restaurant\/","title":{"rendered":"Restaurant"},"content":{"rendered":"<table class=\" aligncenter\" style=\"width: 90%;\">\n<tbody>\n<tr>\n<td style=\"border-color: #ffffff; text-align: center; vertical-align: middle;\"><img loading=\"lazy\" decoding=\"async\" class=\"alignnone wp-image-291 size-medium\" style=\"border: 1px solid #000000;\" src=\"https:\/\/campinghautoreille.com\/wp-content\/uploads\/2016\/01\/P1180791-300x225.jpg\" width=\"300\" height=\"225\" srcset=\"https:\/\/campinghautoreille.com\/wp-content\/uploads\/2016\/01\/P1180791-300x225.jpg 300w, https:\/\/campinghautoreille.com\/wp-content\/uploads\/2016\/01\/P1180791-768x576.jpg 768w, https:\/\/campinghautoreille.com\/wp-content\/uploads\/2016\/01\/P1180791-1024x768.jpg 1024w, https:\/\/campinghautoreille.com\/wp-content\/uploads\/2016\/01\/P1180791-135x100.jpg 135w\" sizes=\"auto, (max-width: 300px) 100vw, 300px\" \/><\/td>\n<td style=\"border-color: #ffffff; vertical-align: top;\"><strong>Notre restaurant :<\/strong><\/p>\n<ul>\n<li>Dans un cadre bistrot de campagne, venez d\u00e9guster nos grillades, toutes accompagn\u00e9es de notre buffet de crudit\u00e9s. Testez aussi nos sp\u00e9cialit\u00e9s r\u00e9gionales comme le b\u0153uf bourguignon, le fromage de Langres, notre terrine de campagne &#8230;<\/li>\n<li>Le restaurant est ouvert d &lsquo;Avril \u00e0 Septembre.<\/li>\n<li>Service de 17H00 \u00e0 19H, <strong>sans r\u00e9servation<\/strong>.<\/li>\n<\/ul>\n<\/td>\n<\/tr>\n<\/tbody>\n<\/table>\n<table class=\" aligncenter\" style=\"width: 90%;\">\n<tbody>\n<tr>\n<td style=\"border-color: #ffffff; vertical-align: top;\">\n<ul>\n<li>Nous vous proposons u<strong>n service de petit d\u00e9jeuner<\/strong> \u00e0 12\u20ac ( \u00e0 commander la veille)<\/li>\n<\/ul>\n<\/td>\n<td style=\"border-color: #ffffff; text-align: center; vertical-align: middle;\"><img loading=\"lazy\" decoding=\"async\" class=\"alignnone wp-image-432 size-medium\" style=\"border: 1px solid #000000;\" src=\"https:\/\/campinghautoreille.com\/wp-content\/uploads\/2016\/01\/P1190163-300x225.jpg\" width=\"300\" height=\"225\" srcset=\"https:\/\/campinghautoreille.com\/wp-content\/uploads\/2016\/01\/P1190163-300x225.jpg 300w, https:\/\/campinghautoreille.com\/wp-content\/uploads\/2016\/01\/P1190163-768x576.jpg 768w, https:\/\/campinghautoreille.com\/wp-content\/uploads\/2016\/01\/P1190163-1024x768.jpg 1024w, https:\/\/campinghautoreille.com\/wp-content\/uploads\/2016\/01\/P1190163-135x100.jpg 135w\" sizes=\"auto, (max-width: 300px) 100vw, 300px\" \/><\/td>\n<\/tr>\n<\/tbody>\n<\/table>\n<table class=\" aligncenter\" style=\"border-color: #666666; width: 90%; background-color: #666666;\">\n<tbody>\n<tr>\n<td style=\"border-color: #666666; width: 33%; text-align: center;\"><img loading=\"lazy\" decoding=\"async\" class=\"alignnone wp-image-403 size-medium\" style=\"border: 2px solid #ffffff;\" src=\"https:\/\/campinghautoreille.com\/wp-content\/uploads\/2016\/01\/20160502_172422-300x169.jpg\" width=\"300\" height=\"169\" srcset=\"https:\/\/campinghautoreille.com\/wp-content\/uploads\/2016\/01\/20160502_172422-300x169.jpg 300w, https:\/\/campinghautoreille.com\/wp-content\/uploads\/2016\/01\/20160502_172422-768x432.jpg 768w, https:\/\/campinghautoreille.com\/wp-content\/uploads\/2016\/01\/20160502_172422-1024x576.jpg 1024w\" sizes=\"auto, (max-width: 300px) 100vw, 300px\" \/><\/td>\n<td style=\"border-color: #666666; width: 33.02%; text-align: center;\"><img loading=\"lazy\" decoding=\"async\" class=\"alignnone wp-image-431 size-medium\" style=\"border: 2px solid #ffffff;\" src=\"https:\/\/campinghautoreille.com\/wp-content\/uploads\/2016\/01\/P1190636-300x169.jpg\" width=\"300\" height=\"169\" srcset=\"https:\/\/campinghautoreille.com\/wp-content\/uploads\/2016\/01\/P1190636-300x169.jpg 300w, https:\/\/campinghautoreille.com\/wp-content\/uploads\/2016\/01\/P1190636-768x432.jpg 768w, https:\/\/campinghautoreille.com\/wp-content\/uploads\/2016\/01\/P1190636-1024x575.jpg 1024w\" sizes=\"auto, (max-width: 300px) 100vw, 300px\" \/><\/td>\n<td style=\"border-color: #666666; width: 33%; text-align: center;\"><img loading=\"lazy\" decoding=\"async\" class=\"alignnone wp-image-445 size-medium\" style=\"border: 2px solid #ffffff;\" src=\"https:\/\/campinghautoreille.com\/wp-content\/uploads\/2016\/01\/P1190632-300x169.jpg\" width=\"300\" height=\"169\" srcset=\"https:\/\/campinghautoreille.com\/wp-content\/uploads\/2016\/01\/P1190632-300x169.jpg 300w, https:\/\/campinghautoreille.com\/wp-content\/uploads\/2016\/01\/P1190632-768x432.jpg 768w, https:\/\/campinghautoreille.com\/wp-content\/uploads\/2016\/01\/P1190632-1024x575.jpg 1024w\" sizes=\"auto, (max-width: 300px) 100vw, 300px\" \/><\/td>\n<\/tr>\n<\/tbody>\n<\/table>\n","protected":false},"excerpt":{"rendered":"<p>Notre restaurant : Dans un cadre bistrot de campagne, venez d\u00e9guster nos grillades, toutes accompagn\u00e9es de notre buffet de crudit\u00e9s. Testez aussi nos sp\u00e9cialit\u00e9s r\u00e9gionales comme le b\u0153uf bourguignon, le fromage de Langres, notre terrine de campagne &#8230; Le restaurant est ouvert d &lsquo;Avril \u00e0 Septembre. Service de 17H00 \u00e0 19H, sans r\u00e9servation. Nous vous [&hellip;]<\/p>\n","protected":false},"author":1,"featured_media":0,"parent":0,"menu_order":0,"comment_status":"closed","ping_status":"open","template":"","meta":{"footnotes":""},"class_list":["post-36","page","type-page","status-publish","hentry"],"_links":{"self":[{"href":"https:\/\/campinghautoreille.com\/index.php\/wp-json\/wp\/v2\/pages\/36","targetHints":{"allow":["GET"]}}],"collection":[{"href":"https:\/\/campinghautoreille.com\/index.php\/wp-json\/wp\/v2\/pages"}],"about":[{"href":"https:\/\/campinghautoreille.com\/index.php\/wp-json\/wp\/v2\/types\/page"}],"author":[{"embeddable":true,"href":"https:\/\/campinghautoreille.com\/index.php\/wp-json\/wp\/v2\/users\/1"}],"replies":[{"embeddable":true,"href":"https:\/\/campinghautoreille.com\/index.php\/wp-json\/wp\/v2\/comments?post=36"}],"version-history":[{"count":43,"href":"https:\/\/campinghautoreille.com\/index.php\/wp-json\/wp\/v2\/pages\/36\/revisions"}],"predecessor-version":[{"id":999,"href":"https:\/\/campinghautoreille.com\/index.php\/wp-json\/wp\/v2\/pages\/36\/revisions\/999"}],"wp:attachment":[{"href":"https:\/\/campinghautoreille.com\/index.php\/wp-json\/wp\/v2\/media?parent=36"}],"curies":[{"name":"wp","href":"https:\/\/api.w.org\/{rel}","templated":true}]}}